{"id":37,"date":"2024-06-10T15:44:27","date_gmt":"2024-06-10T13:44:27","guid":{"rendered":"http:\/\/2aaz.org\/?page_id=37"},"modified":"2025-02-25T13:58:10","modified_gmt":"2025-02-25T12:58:10","slug":"nos-services","status":"publish","type":"page","link":"https:\/\/2aaz.org\/?page_id=37","title":{"rendered":"Projet de Centre de Ressources NeuroAtypie"},"content":{"rendered":"\n<h6 class=\"wp-block-heading\">&nbsp;Un accompagnement sur mesure pour chaque situation<\/h6>\n\n\n\n<p>Chez 2aaZ Services, nous croyons qu&rsquo;un accompagnement adapt\u00e9 et bienveillant est la cl\u00e9 pour permettre \u00e0 chacun de s&rsquo;\u00e9panouir pleinement. C&rsquo;est pourquoi nous souhaitons proposer \u00e0 l&rsquo;avenir un large \u00e9ventail de services \u00e0 la personne, con\u00e7us pour r\u00e9pondre aux besoins sp\u00e9cifiques de tous, quel que soit l&rsquo;\u00e2ge ou la situation.<\/p>\n\n\n\n<h6 class=\"wp-block-heading\">Pour les personnes avec troubles neuro-d\u00e9veloppementaux : <a href=\"http:\/\/2aaz.org\/?page_id=27\" data-type=\"page\" data-id=\"27\">TSA, TDAH, Dys&#8230;<\/a><\/h6>\n\n\n\n<p>Ateliers : <\/p>\n\n\n\n<ul class=\"wp-block-list\">\n<li>Ateliers de rem\u00e9diation cognitive<\/li>\n\n\n\n<li>Habilet\u00e9s sociales<\/li>\n\n\n\n<li>Suivi psychologique<\/li>\n\n\n\n<li>Groupes de parole<\/li>\n\n\n\n<li>Guidance parentale<\/li>\n<\/ul>\n\n\n\n<p>Aide administrative : <\/p>\n\n\n\n<ul class=\"wp-block-list\">\n<li>Monter un dossier MDPH<\/li>\n<\/ul>\n\n\n\n<p>Appartement th\u00e9rapeutique : <\/p>\n\n\n\n<p>Accompagnement personnalis\u00e9 au quotidien pour les personnes en appartement th\u00e9rapeutique ou en perte d&rsquo;autonomie.<\/p>\n","protected":false},"excerpt":{"rendered":"<p>&nbsp;Un accompagnement sur mesure pour chaque situation Chez 2aaZ Services, nous croyons qu&rsquo;un accompagnement adapt\u00e9 et bienveillant est la cl\u00e9 pour permettre \u00e0 chacun de s&rsquo;\u00e9panouir pleinement. C&rsquo;est pourquoi nous souhaitons proposer \u00e0 l&rsquo;avenir un large \u00e9ventail de services \u00e0 la personne, con\u00e7us pour r\u00e9pondre aux besoins sp\u00e9cifiques de tous, quel que soit l&rsquo;\u00e2ge ou [&hellip;]<\/p>\n","protected":false},"author":1,"featured_media":0,"parent":701,"menu_order":0,"comment_status":"closed","ping_status":"closed","template":"","meta":{"_kadence_starter_templates_imported_post":false,"footnotes":""},"class_list":["post-37","page","type-page","status-publish","hentry"],"yoast_head":"<!-- This site is optimized with the Yoast SEO plugin v27.5 - https:\/\/yoast.com\/product\/yoast-seo-wordpress\/ -->\n<title>Projet de Centre de Ressources NeuroAtypie - 2aaZ Services<\/title>\n<meta name=\"robots\" content=\"index, follow, max-snippet:-1, max-image-preview:large, max-video-preview:-1\" \/>\n<link rel=\"canonical\" href=\"https:\/\/2aaz.org\/?page_id=37\" \/>\n<meta property=\"og:locale\" content=\"fr_FR\" \/>\n<meta property=\"og:type\" content=\"article\" \/>\n<meta property=\"og:title\" content=\"Projet de Centre de Ressources NeuroAtypie - 2aaZ Services\" \/>\n<meta property=\"og:description\" content=\"&nbsp;Un accompagnement sur mesure pour chaque situation Chez 2aaZ Services, nous croyons qu&rsquo;un accompagnement adapt\u00e9 et bienveillant est la cl\u00e9 pour permettre \u00e0 chacun de s&rsquo;\u00e9panouir pleinement. C&rsquo;est pourquoi nous souhaitons proposer \u00e0 l&rsquo;avenir un large \u00e9ventail de services \u00e0 la personne, con\u00e7us pour r\u00e9pondre aux besoins sp\u00e9cifiques de tous, quel que soit l&rsquo;\u00e2ge ou [&hellip;]\" \/>\n<meta property=\"og:url\" content=\"https:\/\/2aaz.org\/?page_id=37\" \/>\n<meta property=\"og:site_name\" content=\"2aaZ Services\" \/>\n<meta property=\"article:publisher\" content=\"https:\/\/www.facebook.com\/people\/De-A--Z-Services\/100071363455894\/?_rdr\" \/>\n<meta property=\"article:modified_time\" content=\"2025-02-25T12:58:10+00:00\" \/>\n<meta name=\"twitter:card\" content=\"summary_large_image\" \/>\n<meta name=\"twitter:label1\" content=\"Dur\u00e9e de lecture estim\u00e9e\" \/>\n\t<meta name=\"twitter:data1\" content=\"1 minute\" \/>\n<script type=\"application\/ld+json\" class=\"yoast-schema-graph\">{\"@context\":\"https:\\\/\\\/schema.org\",\"@graph\":[{\"@type\":\"WebPage\",\"@id\":\"https:\\\/\\\/2aaz.org\\\/?page_id=37\",\"url\":\"https:\\\/\\\/2aaz.org\\\/?page_id=37\",\"name\":\"Projet de Centre de Ressources NeuroAtypie - 2aaZ Services\",\"isPartOf\":{\"@id\":\"https:\\\/\\\/2aaz.org\\\/#website\"},\"datePublished\":\"2024-06-10T13:44:27+00:00\",\"dateModified\":\"2025-02-25T12:58:10+00:00\",\"breadcrumb\":{\"@id\":\"https:\\\/\\\/2aaz.org\\\/?page_id=37#breadcrumb\"},\"inLanguage\":\"fr-FR\",\"potentialAction\":[{\"@type\":\"ReadAction\",\"target\":[\"https:\\\/\\\/2aaz.org\\\/?page_id=37\"]}]},{\"@type\":\"BreadcrumbList\",\"@id\":\"https:\\\/\\\/2aaz.org\\\/?page_id=37#breadcrumb\",\"itemListElement\":[{\"@type\":\"ListItem\",\"position\":1,\"name\":\"Accueil\",\"item\":\"https:\\\/\\\/2aaz.org\\\/\"},{\"@type\":\"ListItem\",\"position\":2,\"name\":\"Accueil\",\"item\":\"https:\\\/\\\/2aaz.org\\\/\"},{\"@type\":\"ListItem\",\"position\":3,\"name\":\"Projet de Centre de Ressources NeuroAtypie\"}]},{\"@type\":\"WebSite\",\"@id\":\"https:\\\/\\\/2aaz.org\\\/#website\",\"url\":\"https:\\\/\\\/2aaz.org\\\/\",\"name\":\"2aaZ Services\",\"description\":\"Association de services \u00e0 la personne &amp; P\u00f4le de soin TND\",\"publisher\":{\"@id\":\"https:\\\/\\\/2aaz.org\\\/#organization\"},\"potentialAction\":[{\"@type\":\"SearchAction\",\"target\":{\"@type\":\"EntryPoint\",\"urlTemplate\":\"https:\\\/\\\/2aaz.org\\\/?s={search_term_string}\"},\"query-input\":{\"@type\":\"PropertyValueSpecification\",\"valueRequired\":true,\"valueName\":\"search_term_string\"}}],\"inLanguage\":\"fr-FR\"},{\"@type\":\"Organization\",\"@id\":\"https:\\\/\\\/2aaz.org\\\/#organization\",\"name\":\"2aaZ Services\",\"url\":\"https:\\\/\\\/2aaz.org\\\/\",\"logo\":{\"@type\":\"ImageObject\",\"inLanguage\":\"fr-FR\",\"@id\":\"https:\\\/\\\/2aaz.org\\\/#\\\/schema\\\/logo\\\/image\\\/\",\"url\":\"http:\\\/\\\/2aaz.org\\\/wp-content\\\/uploads\\\/2024\\\/06\\\/cropped-Logo-2aaZ.png\",\"contentUrl\":\"http:\\\/\\\/2aaz.org\\\/wp-content\\\/uploads\\\/2024\\\/06\\\/cropped-Logo-2aaZ.png\",\"width\":110,\"height\":31,\"caption\":\"2aaZ Services\"},\"image\":{\"@id\":\"https:\\\/\\\/2aaz.org\\\/#\\\/schema\\\/logo\\\/image\\\/\"},\"sameAs\":[\"https:\\\/\\\/www.facebook.com\\\/people\\\/De-A--Z-Services\\\/100071363455894\\\/?_rdr\"]}]}<\/script>\n<!-- \/ Yoast SEO plugin. -->","yoast_head_json":{"title":"Projet de Centre de Ressources NeuroAtypie - 2aaZ Services","robots":{"index":"index","follow":"follow","max-snippet":"max-snippet:-1","max-image-preview":"max-image-preview:large","max-video-preview":"max-video-preview:-1"},"canonical":"https:\/\/2aaz.org\/?page_id=37","og_locale":"fr_FR","og_type":"article","og_title":"Projet de Centre de Ressources NeuroAtypie - 2aaZ Services","og_description":"&nbsp;Un accompagnement sur mesure pour chaque situation Chez 2aaZ Services, nous croyons qu&rsquo;un accompagnement adapt\u00e9 et bienveillant est la cl\u00e9 pour permettre \u00e0 chacun de s&rsquo;\u00e9panouir pleinement. C&rsquo;est pourquoi nous souhaitons proposer \u00e0 l&rsquo;avenir un large \u00e9ventail de services \u00e0 la personne, con\u00e7us pour r\u00e9pondre aux besoins sp\u00e9cifiques de tous, quel que soit l&rsquo;\u00e2ge ou [&hellip;]","og_url":"https:\/\/2aaz.org\/?page_id=37","og_site_name":"2aaZ Services","article_publisher":"https:\/\/www.facebook.com\/people\/De-A--Z-Services\/100071363455894\/?_rdr","article_modified_time":"2025-02-25T12:58:10+00:00","twitter_card":"summary_large_image","twitter_misc":{"Dur\u00e9e de lecture estim\u00e9e":"1 minute"},"schema":{"@context":"https:\/\/schema.org","@graph":[{"@type":"WebPage","@id":"https:\/\/2aaz.org\/?page_id=37","url":"https:\/\/2aaz.org\/?page_id=37","name":"Projet de Centre de Ressources NeuroAtypie - 2aaZ Services","isPartOf":{"@id":"https:\/\/2aaz.org\/#website"},"datePublished":"2024-06-10T13:44:27+00:00","dateModified":"2025-02-25T12:58:10+00:00","breadcrumb":{"@id":"https:\/\/2aaz.org\/?page_id=37#breadcrumb"},"inLanguage":"fr-FR","potentialAction":[{"@type":"ReadAction","target":["https:\/\/2aaz.org\/?page_id=37"]}]},{"@type":"BreadcrumbList","@id":"https:\/\/2aaz.org\/?page_id=37#breadcrumb","itemListElement":[{"@type":"ListItem","position":1,"name":"Accueil","item":"https:\/\/2aaz.org\/"},{"@type":"ListItem","position":2,"name":"Accueil","item":"https:\/\/2aaz.org\/"},{"@type":"ListItem","position":3,"name":"Projet de Centre de Ressources NeuroAtypie"}]},{"@type":"WebSite","@id":"https:\/\/2aaz.org\/#website","url":"https:\/\/2aaz.org\/","name":"2aaZ Services","description":"Association de services \u00e0 la personne &amp; P\u00f4le de soin TND","publisher":{"@id":"https:\/\/2aaz.org\/#organization"},"potentialAction":[{"@type":"SearchAction","target":{"@type":"EntryPoint","urlTemplate":"https:\/\/2aaz.org\/?s={search_term_string}"},"query-input":{"@type":"PropertyValueSpecification","valueRequired":true,"valueName":"search_term_string"}}],"inLanguage":"fr-FR"},{"@type":"Organization","@id":"https:\/\/2aaz.org\/#organization","name":"2aaZ Services","url":"https:\/\/2aaz.org\/","logo":{"@type":"ImageObject","inLanguage":"fr-FR","@id":"https:\/\/2aaz.org\/#\/schema\/logo\/image\/","url":"http:\/\/2aaz.org\/wp-content\/uploads\/2024\/06\/cropped-Logo-2aaZ.png","contentUrl":"http:\/\/2aaz.org\/wp-content\/uploads\/2024\/06\/cropped-Logo-2aaZ.png","width":110,"height":31,"caption":"2aaZ Services"},"image":{"@id":"https:\/\/2aaz.org\/#\/schema\/logo\/image\/"},"sameAs":["https:\/\/www.facebook.com\/people\/De-A--Z-Services\/100071363455894\/?_rdr"]}]}},"_links":{"self":[{"href":"https:\/\/2aaz.org\/index.php?rest_route=\/wp\/v2\/pages\/37","targetHints":{"allow":["GET"]}}],"collection":[{"href":"https:\/\/2aaz.org\/index.php?rest_route=\/wp\/v2\/pages"}],"about":[{"href":"https:\/\/2aaz.org\/index.php?rest_route=\/wp\/v2\/types\/page"}],"author":[{"embeddable":true,"href":"https:\/\/2aaz.org\/index.php?rest_route=\/wp\/v2\/users\/1"}],"replies":[{"embeddable":true,"href":"https:\/\/2aaz.org\/index.php?rest_route=%2Fwp%2Fv2%2Fcomments&post=37"}],"version-history":[{"count":9,"href":"https:\/\/2aaz.org\/index.php?rest_route=\/wp\/v2\/pages\/37\/revisions"}],"predecessor-version":[{"id":928,"href":"https:\/\/2aaz.org\/index.php?rest_route=\/wp\/v2\/pages\/37\/revisions\/928"}],"up":[{"embeddable":true,"href":"https:\/\/2aaz.org\/index.php?rest_route=\/wp\/v2\/pages\/701"}],"wp:attachment":[{"href":"https:\/\/2aaz.org\/index.php?rest_route=%2Fwp%2Fv2%2Fmedia&parent=37"}],"curies":[{"name":"wp","href":"https:\/\/api.w.org\/{rel}","templated":true}]}}