{"id":709,"date":"2022-06-10T15:44:47","date_gmt":"2022-06-10T15:44:47","guid":{"rendered":"https:\/\/kadence.pixel-show.com\/cleaning-services\/?page_id=18"},"modified":"2024-06-13T17:17:42","modified_gmt":"2024-06-13T15:17:42","slug":"services","status":"publish","type":"page","link":"https:\/\/2aaz.org\/?page_id=709","title":{"rendered":"Garde d&rsquo;enfants"},"content":{"rendered":"<div class=\"kb-row-layout-wrap kb-row-layout-id709_ae15e1-8e alignnone wp-block-kadence-rowlayout\"><div class=\"kt-row-column-wrap kt-has-1-columns kt-row-layout-equal kt-tab-layout-inherit kt-mobile-layout-row kt-row-valign-top kb-theme-content-width\">\n\n<div class=\"wp-block-kadence-column kadence-column709_afff56-b9 inner-column-1\"><div class=\"kt-inside-inner-col\"><div class=\"kb-row-layout-wrap kb-row-layout-id709_652f0d-93 alignnone wp-block-kadence-rowlayout\"><div class=\"kt-row-column-wrap kt-has-3-columns kt-row-layout-equal kt-tab-layout-row kt-mobile-layout-row kt-row-valign-top\">\n\n<div class=\"wp-block-kadence-column kadence-column709_bdf373-b4 inner-column-1\"><div class=\"kt-inside-inner-col\">\n<figure class=\"wp-block-kadence-image kb-image709_50a90e-fe size-large kb-image-is-ratio-size\"><div class=\"kb-is-ratio-image kb-image-ratio-square\"><img decoding=\"async\" src=\"http:\/\/2aaz.org\/wp-content\/uploads\/2024\/06\/mother-carrying-her-cute-baby-3875218-683x1024.jpg\" alt=\"Mother Carrying Her Cute Baby\" class=\"kb-img wp-image-840\"\/><\/div><\/figure>\n\n\n\n<h5 class=\"kt-adv-heading709_a7d790-30 wp-block-kadence-advancedheading\" data-kb-block=\"kb-adv-heading709_a7d790-30\"><em>Garde d&rsquo;enfants 0-3 ans<\/em><\/h5>\n\n\n\n<p class=\"kt-adv-heading709_24d387-2c wp-block-kadence-advancedheading\" data-kb-block=\"kb-adv-heading709_24d387-2c\">Garde d\u2019enfants 0-3 ans \u00e0 domicile par des intervenantes qualifi\u00e9es<\/p>\n<\/div><\/div>\n\n\n\n<div class=\"wp-block-kadence-column kadence-column709_bac881-3f inner-column-2\"><div class=\"kt-inside-inner-col\">\n<figure class=\"wp-block-kadence-image kb-image709_6211a2-95 size-large kb-image-is-ratio-size\"><div class=\"kb-is-ratio-image kb-image-ratio-square\"><img loading=\"lazy\" decoding=\"async\" width=\"683\" height=\"1024\" src=\"http:\/\/2aaz.org\/wp-content\/uploads\/2024\/06\/two-babies-playing-with-plastic-toy-truck-4491661-683x1024.jpg\" alt=\"Two Babies Playing with Plastic Toy Truck\" class=\"kb-img wp-image-845\" srcset=\"https:\/\/2aaz.org\/wp-content\/uploads\/2024\/06\/two-babies-playing-with-plastic-toy-truck-4491661-683x1024.jpg 683w, https:\/\/2aaz.org\/wp-content\/uploads\/2024\/06\/two-babies-playing-with-plastic-toy-truck-4491661-200x300.jpg 200w, https:\/\/2aaz.org\/wp-content\/uploads\/2024\/06\/two-babies-playing-with-plastic-toy-truck-4491661-768x1152.jpg 768w, https:\/\/2aaz.org\/wp-content\/uploads\/2024\/06\/two-babies-playing-with-plastic-toy-truck-4491661-1024x1536.jpg 1024w, https:\/\/2aaz.org\/wp-content\/uploads\/2024\/06\/two-babies-playing-with-plastic-toy-truck-4491661-1365x2048.jpg 1365w, https:\/\/2aaz.org\/wp-content\/uploads\/2024\/06\/two-babies-playing-with-plastic-toy-truck-4491661-scaled.jpg 1707w\" sizes=\"auto, (max-width: 683px) 100vw, 683px\" \/><\/div><\/figure>\n\n\n\n<h5 class=\"kt-adv-heading709_5219c5-dd wp-block-kadence-advancedheading\" data-kb-block=\"kb-adv-heading709_5219c5-dd\"><em>Garde d\u2019enfants + de 3 ans<\/em><\/h5>\n\n\n\n<p class=\"kt-adv-heading709_13eb27-ab wp-block-kadence-advancedheading\" data-kb-block=\"kb-adv-heading709_13eb27-ab\"> Accompagnement scolaire &amp; p\u00e9riscolaire : aide aux devoirs, activit\u00e9s de loisir etc.<\/p>\n<\/div><\/div>\n\n\n\n<div class=\"wp-block-kadence-column kadence-column709_d7f2a2-01 inner-column-1\"><div class=\"kt-inside-inner-col\">\n<figure class=\"wp-block-kadence-image kb-image709_dd38e9-bf size-large kb-image-is-ratio-size\"><div class=\"kb-is-ratio-image kb-image-ratio-square\"><img loading=\"lazy\" decoding=\"async\" width=\"1024\" height=\"683\" src=\"http:\/\/2aaz.org\/wp-content\/uploads\/2024\/06\/content-young-ethnic-female-mother-and-cute-daughter-sitting-at-table-and-drawing-on-paper-sheet-with-crayons-while-spending-time-together-at-home-5094676-1024x683.jpg\" alt=\"Content young ethnic female mother and cute daughter sitting at table and drawing on paper sheet with crayons while spending time together at home\" class=\"kb-img wp-image-748\" srcset=\"https:\/\/2aaz.org\/wp-content\/uploads\/2024\/06\/content-young-ethnic-female-mother-and-cute-daughter-sitting-at-table-and-drawing-on-paper-sheet-with-crayons-while-spending-time-together-at-home-5094676-1024x683.jpg 1024w, https:\/\/2aaz.org\/wp-content\/uploads\/2024\/06\/content-young-ethnic-female-mother-and-cute-daughter-sitting-at-table-and-drawing-on-paper-sheet-with-crayons-while-spending-time-together-at-home-5094676-300x200.jpg 300w, https:\/\/2aaz.org\/wp-content\/uploads\/2024\/06\/content-young-ethnic-female-mother-and-cute-daughter-sitting-at-table-and-drawing-on-paper-sheet-with-crayons-while-spending-time-together-at-home-5094676-768x512.jpg 768w, https:\/\/2aaz.org\/wp-content\/uploads\/2024\/06\/content-young-ethnic-female-mother-and-cute-daughter-sitting-at-table-and-drawing-on-paper-sheet-with-crayons-while-spending-time-together-at-home-5094676-1536x1024.jpg 1536w, https:\/\/2aaz.org\/wp-content\/uploads\/2024\/06\/content-young-ethnic-female-mother-and-cute-daughter-sitting-at-table-and-drawing-on-paper-sheet-with-crayons-while-spending-time-together-at-home-5094676-2048x1365.jpg 2048w\" sizes=\"auto, (max-width: 1024px) 100vw, 1024px\" \/><\/div><\/figure>\n\n\n\n<h5 class=\"kt-adv-heading709_b2e870-aa wp-block-kadence-advancedheading\" data-kb-block=\"kb-adv-heading709_b2e870-aa\"><em>enfants porteurs de handicap<\/em><\/h5>\n\n\n\n<p class=\"kt-adv-heading709_b9efbc-6c wp-block-kadence-advancedheading\" data-kb-block=\"kb-adv-heading709_b9efbc-6c\">Garde ponctuelle par des auxiliaires sp\u00e9cialis\u00e9es pour soulager les aidants familiaux.<\/p>\n<\/div><\/div>\n\n\n\n<div class=\"wp-block-kadence-column kadence-column709_50219f-42\"><div class=\"kt-inside-inner-col\"><\/div><\/div>\n\n<\/div><\/div>\n\n<div class=\"kb-row-layout-wrap kb-row-layout-id709_324d7b-ca alignnone wp-block-kadence-rowlayout\"><div class=\"kt-row-column-wrap kt-has-3-columns kt-row-layout-equal kt-tab-layout-row kt-mobile-layout-row kt-row-valign-top\">\n\n<div class=\"wp-block-kadence-column kadence-column709_ee6c67-9e\"><div class=\"kt-inside-inner-col\"><\/div><\/div>\n\n\n\n<div class=\"wp-block-kadence-column kadence-column709_c2da74-1c\"><div class=\"kt-inside-inner-col\"><\/div><\/div>\n\n\n\n<div class=\"wp-block-kadence-column kadence-column709_35d8ec-d3\"><div class=\"kt-inside-inner-col\"><\/div><\/div>\n\n<\/div><\/div>\n\n\n<h3 class=\"wp-block-heading\">Une approche \u00e9ducative douce, bas\u00e9e sur un syst\u00e8me de r\u00e9compense inspir\u00e9 des TCC afin de garantir une atmosph\u00e8re sereine pour tous.<\/h3>\n<\/div><\/div>\n\n<\/div><\/div>\n\n<div class=\"kb-row-layout-wrap kb-row-layout-id709_9596f6-07 alignnone has-theme-palette8-background-color kt-row-has-bg wp-block-kadence-rowlayout\"><div class=\"kt-row-column-wrap kt-has-2-columns kt-row-layout-equal kt-tab-layout-row kt-mobile-layout-row kt-row-valign-top kb-theme-content-width\">\n\n<div class=\"wp-block-kadence-column kadence-column709_ec4b91-7c\"><div class=\"kt-inside-inner-col\"><\/div><\/div>\n\n\n\n<div class=\"wp-block-kadence-column kadence-column709_6ff114-8a\"><div class=\"kt-inside-inner-col\"><\/div><\/div>\n\n<\/div><\/div>\n\n<div class=\"kb-row-layout-wrap kb-row-layout-id709_1afdb8-d7 alignnone kt-row-has-bg wp-block-kadence-rowlayout\"><div class=\"kt-row-column-wrap kt-has-1-columns kt-row-layout-equal kt-tab-layout-inherit kt-mobile-layout-row kt-row-valign-top kb-theme-content-width\">\n\n<div class=\"wp-block-kadence-column kadence-column709_f1a859-c6\"><div class=\"kt-inside-inner-col\">\n<h4 class=\"wp-block-heading\"><em>Modalit\u00e9s financi\u00e8res de nos prestations :<\/em><\/h4>\n\n\n\n<ul class=\"wp-block-list\">\n<li><strong>Tarif horaire adapt\u00e9<\/strong> en fonction de la situation de la personne (ressources, degr\u00e9 d\u2019autonomie), des possibilit\u00e9s de financement : caisses de retraite, mutuelles, comit\u00e9s d\u2019entreprise.<\/li>\n\n\n\n<li>Prestations qui ouvrent droit \u00e0 un <strong>cr\u00e9dit d\u2019imp\u00f4t<\/strong> \u00e0 la hauteur de <strong>50%<\/strong> des charges support\u00e9es.<\/li>\n\n\n\n<li>On peut vous <strong>aider \u00e0 monter vos dossiers de financement<\/strong>.<\/li>\n\n\n\n<li>R\u00e8glement possible en ch\u00e8que CESU pr\u00e9financ\u00e9 non d\u00e9mat\u00e9rialis\u00e9, par ch\u00e8que, pr\u00e9l\u00e8vement automatique ou esp\u00e8ce.<\/li>\n<\/ul>\n<\/div><\/div>\n\n<\/div><\/div>","protected":false},"excerpt":{"rendered":"<p>Garde d&rsquo;enfants 0-3 ans Garde d\u2019enfants 0-3 ans \u00e0 domicile par des intervenantes qualifi\u00e9es Garde d\u2019enfants + de 3 ans Accompagnement scolaire &amp; p\u00e9riscolaire : aide aux devoirs, activit\u00e9s de loisir etc. enfants porteurs de handicap Garde ponctuelle par des auxiliaires sp\u00e9cialis\u00e9es pour soulager les aidants familiaux. Une approche \u00e9ducative douce, bas\u00e9e sur un syst\u00e8me [&hellip;]<\/p>\n","protected":false},"author":1,"featured_media":0,"parent":701,"menu_order":0,"comment_status":"closed","ping_status":"closed","template":"","meta":{"_kadence_starter_templates_imported_post":true,"footnotes":""},"class_list":["post-709","page","type-page","status-publish","hentry"],"yoast_head":"<!-- This site is optimized with the Yoast SEO plugin v27.6 - https:\/\/yoast.com\/product\/yoast-seo-wordpress\/ -->\n<title>Garde d&#039;enfants - 2aaZ Services<\/title>\n<meta name=\"robots\" content=\"index, follow, max-snippet:-1, max-image-preview:large, max-video-preview:-1\" \/>\n<link rel=\"canonical\" href=\"https:\/\/2aaz.org\/?page_id=709\" \/>\n<meta property=\"og:locale\" content=\"fr_FR\" \/>\n<meta property=\"og:type\" content=\"article\" \/>\n<meta property=\"og:title\" content=\"Garde d&#039;enfants - 2aaZ Services\" \/>\n<meta property=\"og:description\" content=\"Garde d&rsquo;enfants 0-3 ans Garde d\u2019enfants 0-3 ans \u00e0 domicile par des intervenantes qualifi\u00e9es Garde d\u2019enfants + de 3 ans Accompagnement scolaire &amp; p\u00e9riscolaire : aide aux devoirs, activit\u00e9s de loisir etc. enfants porteurs de handicap Garde ponctuelle par des auxiliaires sp\u00e9cialis\u00e9es pour soulager les aidants familiaux. Une approche \u00e9ducative douce, bas\u00e9e sur un syst\u00e8me [&hellip;]\" \/>\n<meta property=\"og:url\" content=\"https:\/\/2aaz.org\/?page_id=709\" \/>\n<meta property=\"og:site_name\" content=\"2aaZ Services\" \/>\n<meta property=\"article:publisher\" content=\"https:\/\/www.facebook.com\/people\/De-A--Z-Services\/100071363455894\/?_rdr\" \/>\n<meta property=\"article:modified_time\" content=\"2024-06-13T15:17:42+00:00\" \/>\n<meta property=\"og:image\" content=\"http:\/\/2aaz.org\/wp-content\/uploads\/2024\/06\/mother-carrying-her-cute-baby-3875218-683x1024.jpg\" \/>\n<meta name=\"twitter:card\" content=\"summary_large_image\" \/>\n<meta name=\"twitter:label1\" content=\"Dur\u00e9e de lecture estim\u00e9e\" \/>\n\t<meta name=\"twitter:data1\" content=\"1 minute\" \/>\n<script type=\"application\/ld+json\" class=\"yoast-schema-graph\">{\"@context\":\"https:\\\/\\\/schema.org\",\"@graph\":[{\"@type\":\"WebPage\",\"@id\":\"https:\\\/\\\/2aaz.org\\\/?page_id=709\",\"url\":\"https:\\\/\\\/2aaz.org\\\/?page_id=709\",\"name\":\"Garde d'enfants - 2aaZ Services\",\"isPartOf\":{\"@id\":\"https:\\\/\\\/2aaz.org\\\/#website\"},\"primaryImageOfPage\":{\"@id\":\"https:\\\/\\\/2aaz.org\\\/?page_id=709#primaryimage\"},\"image\":{\"@id\":\"https:\\\/\\\/2aaz.org\\\/?page_id=709#primaryimage\"},\"thumbnailUrl\":\"http:\\\/\\\/2aaz.org\\\/wp-content\\\/uploads\\\/2024\\\/06\\\/mother-carrying-her-cute-baby-3875218-683x1024.jpg\",\"datePublished\":\"2022-06-10T15:44:47+00:00\",\"dateModified\":\"2024-06-13T15:17:42+00:00\",\"breadcrumb\":{\"@id\":\"https:\\\/\\\/2aaz.org\\\/?page_id=709#breadcrumb\"},\"inLanguage\":\"fr-FR\",\"potentialAction\":[{\"@type\":\"ReadAction\",\"target\":[\"https:\\\/\\\/2aaz.org\\\/?page_id=709\"]}]},{\"@type\":\"ImageObject\",\"inLanguage\":\"fr-FR\",\"@id\":\"https:\\\/\\\/2aaz.org\\\/?page_id=709#primaryimage\",\"url\":\"https:\\\/\\\/2aaz.org\\\/wp-content\\\/uploads\\\/2024\\\/06\\\/mother-carrying-her-cute-baby-3875218-scaled-e1718122086402.jpg\",\"contentUrl\":\"https:\\\/\\\/2aaz.org\\\/wp-content\\\/uploads\\\/2024\\\/06\\\/mother-carrying-her-cute-baby-3875218-scaled-e1718122086402.jpg\",\"width\":1484,\"height\":1591,\"caption\":\"Mother Carrying Her Cute Baby\"},{\"@type\":\"BreadcrumbList\",\"@id\":\"https:\\\/\\\/2aaz.org\\\/?page_id=709#breadcrumb\",\"itemListElement\":[{\"@type\":\"ListItem\",\"position\":1,\"name\":\"Accueil\",\"item\":\"https:\\\/\\\/2aaz.org\\\/\"},{\"@type\":\"ListItem\",\"position\":2,\"name\":\"Accueil\",\"item\":\"https:\\\/\\\/2aaz.org\\\/\"},{\"@type\":\"ListItem\",\"position\":3,\"name\":\"Garde d&rsquo;enfants\"}]},{\"@type\":\"WebSite\",\"@id\":\"https:\\\/\\\/2aaz.org\\\/#website\",\"url\":\"https:\\\/\\\/2aaz.org\\\/\",\"name\":\"2aaZ Services\",\"description\":\"Association de services \u00e0 la personne &amp; P\u00f4le de soin TND\",\"publisher\":{\"@id\":\"https:\\\/\\\/2aaz.org\\\/#organization\"},\"potentialAction\":[{\"@type\":\"SearchAction\",\"target\":{\"@type\":\"EntryPoint\",\"urlTemplate\":\"https:\\\/\\\/2aaz.org\\\/?s={search_term_string}\"},\"query-input\":{\"@type\":\"PropertyValueSpecification\",\"valueRequired\":true,\"valueName\":\"search_term_string\"}}],\"inLanguage\":\"fr-FR\"},{\"@type\":\"Organization\",\"@id\":\"https:\\\/\\\/2aaz.org\\\/#organization\",\"name\":\"2aaZ Services\",\"url\":\"https:\\\/\\\/2aaz.org\\\/\",\"logo\":{\"@type\":\"ImageObject\",\"inLanguage\":\"fr-FR\",\"@id\":\"https:\\\/\\\/2aaz.org\\\/#\\\/schema\\\/logo\\\/image\\\/\",\"url\":\"http:\\\/\\\/2aaz.org\\\/wp-content\\\/uploads\\\/2024\\\/06\\\/cropped-Logo-2aaZ.png\",\"contentUrl\":\"http:\\\/\\\/2aaz.org\\\/wp-content\\\/uploads\\\/2024\\\/06\\\/cropped-Logo-2aaZ.png\",\"width\":110,\"height\":31,\"caption\":\"2aaZ Services\"},\"image\":{\"@id\":\"https:\\\/\\\/2aaz.org\\\/#\\\/schema\\\/logo\\\/image\\\/\"},\"sameAs\":[\"https:\\\/\\\/www.facebook.com\\\/people\\\/De-A--Z-Services\\\/100071363455894\\\/?_rdr\"]}]}<\/script>\n<!-- \/ Yoast SEO plugin. -->","yoast_head_json":{"title":"Garde d'enfants - 2aaZ Services","robots":{"index":"index","follow":"follow","max-snippet":"max-snippet:-1","max-image-preview":"max-image-preview:large","max-video-preview":"max-video-preview:-1"},"canonical":"https:\/\/2aaz.org\/?page_id=709","og_locale":"fr_FR","og_type":"article","og_title":"Garde d'enfants - 2aaZ Services","og_description":"Garde d&rsquo;enfants 0-3 ans Garde d\u2019enfants 0-3 ans \u00e0 domicile par des intervenantes qualifi\u00e9es Garde d\u2019enfants + de 3 ans Accompagnement scolaire &amp; p\u00e9riscolaire : aide aux devoirs, activit\u00e9s de loisir etc. enfants porteurs de handicap Garde ponctuelle par des auxiliaires sp\u00e9cialis\u00e9es pour soulager les aidants familiaux. Une approche \u00e9ducative douce, bas\u00e9e sur un syst\u00e8me [&hellip;]","og_url":"https:\/\/2aaz.org\/?page_id=709","og_site_name":"2aaZ Services","article_publisher":"https:\/\/www.facebook.com\/people\/De-A--Z-Services\/100071363455894\/?_rdr","article_modified_time":"2024-06-13T15:17:42+00:00","og_image":[{"url":"http:\/\/2aaz.org\/wp-content\/uploads\/2024\/06\/mother-carrying-her-cute-baby-3875218-683x1024.jpg","type":"","width":"","height":""}],"twitter_card":"summary_large_image","twitter_misc":{"Dur\u00e9e de lecture estim\u00e9e":"1 minute"},"schema":{"@context":"https:\/\/schema.org","@graph":[{"@type":"WebPage","@id":"https:\/\/2aaz.org\/?page_id=709","url":"https:\/\/2aaz.org\/?page_id=709","name":"Garde d'enfants - 2aaZ Services","isPartOf":{"@id":"https:\/\/2aaz.org\/#website"},"primaryImageOfPage":{"@id":"https:\/\/2aaz.org\/?page_id=709#primaryimage"},"image":{"@id":"https:\/\/2aaz.org\/?page_id=709#primaryimage"},"thumbnailUrl":"http:\/\/2aaz.org\/wp-content\/uploads\/2024\/06\/mother-carrying-her-cute-baby-3875218-683x1024.jpg","datePublished":"2022-06-10T15:44:47+00:00","dateModified":"2024-06-13T15:17:42+00:00","breadcrumb":{"@id":"https:\/\/2aaz.org\/?page_id=709#breadcrumb"},"inLanguage":"fr-FR","potentialAction":[{"@type":"ReadAction","target":["https:\/\/2aaz.org\/?page_id=709"]}]},{"@type":"ImageObject","inLanguage":"fr-FR","@id":"https:\/\/2aaz.org\/?page_id=709#primaryimage","url":"https:\/\/2aaz.org\/wp-content\/uploads\/2024\/06\/mother-carrying-her-cute-baby-3875218-scaled-e1718122086402.jpg","contentUrl":"https:\/\/2aaz.org\/wp-content\/uploads\/2024\/06\/mother-carrying-her-cute-baby-3875218-scaled-e1718122086402.jpg","width":1484,"height":1591,"caption":"Mother Carrying Her Cute Baby"},{"@type":"BreadcrumbList","@id":"https:\/\/2aaz.org\/?page_id=709#breadcrumb","itemListElement":[{"@type":"ListItem","position":1,"name":"Accueil","item":"https:\/\/2aaz.org\/"},{"@type":"ListItem","position":2,"name":"Accueil","item":"https:\/\/2aaz.org\/"},{"@type":"ListItem","position":3,"name":"Garde d&rsquo;enfants"}]},{"@type":"WebSite","@id":"https:\/\/2aaz.org\/#website","url":"https:\/\/2aaz.org\/","name":"2aaZ Services","description":"Association de services \u00e0 la personne &amp; P\u00f4le de soin TND","publisher":{"@id":"https:\/\/2aaz.org\/#organization"},"potentialAction":[{"@type":"SearchAction","target":{"@type":"EntryPoint","urlTemplate":"https:\/\/2aaz.org\/?s={search_term_string}"},"query-input":{"@type":"PropertyValueSpecification","valueRequired":true,"valueName":"search_term_string"}}],"inLanguage":"fr-FR"},{"@type":"Organization","@id":"https:\/\/2aaz.org\/#organization","name":"2aaZ Services","url":"https:\/\/2aaz.org\/","logo":{"@type":"ImageObject","inLanguage":"fr-FR","@id":"https:\/\/2aaz.org\/#\/schema\/logo\/image\/","url":"http:\/\/2aaz.org\/wp-content\/uploads\/2024\/06\/cropped-Logo-2aaZ.png","contentUrl":"http:\/\/2aaz.org\/wp-content\/uploads\/2024\/06\/cropped-Logo-2aaZ.png","width":110,"height":31,"caption":"2aaZ Services"},"image":{"@id":"https:\/\/2aaz.org\/#\/schema\/logo\/image\/"},"sameAs":["https:\/\/www.facebook.com\/people\/De-A--Z-Services\/100071363455894\/?_rdr"]}]}},"_links":{"self":[{"href":"https:\/\/2aaz.org\/index.php?rest_route=\/wp\/v2\/pages\/709","targetHints":{"allow":["GET"]}}],"collection":[{"href":"https:\/\/2aaz.org\/index.php?rest_route=\/wp\/v2\/pages"}],"about":[{"href":"https:\/\/2aaz.org\/index.php?rest_route=\/wp\/v2\/types\/page"}],"author":[{"embeddable":true,"href":"https:\/\/2aaz.org\/index.php?rest_route=\/wp\/v2\/users\/1"}],"replies":[{"embeddable":true,"href":"https:\/\/2aaz.org\/index.php?rest_route=%2Fwp%2Fv2%2Fcomments&post=709"}],"version-history":[{"count":16,"href":"https:\/\/2aaz.org\/index.php?rest_route=\/wp\/v2\/pages\/709\/revisions"}],"predecessor-version":[{"id":881,"href":"https:\/\/2aaz.org\/index.php?rest_route=\/wp\/v2\/pages\/709\/revisions\/881"}],"up":[{"embeddable":true,"href":"https:\/\/2aaz.org\/index.php?rest_route=\/wp\/v2\/pages\/701"}],"wp:attachment":[{"href":"https:\/\/2aaz.org\/index.php?rest_route=%2Fwp%2Fv2%2Fmedia&parent=709"}],"curies":[{"name":"wp","href":"https:\/\/api.w.org\/{rel}","templated":true}]}}