{"id":934,"date":"2025-03-28T16:01:57","date_gmt":"2025-03-28T15:01:57","guid":{"rendered":"https:\/\/2aaz.org\/?page_id=934"},"modified":"2025-03-30T20:56:57","modified_gmt":"2025-03-30T18:56:57","slug":"suivi-psycho-social-universel-handicap-precarite-autonomie","status":"publish","type":"page","link":"https:\/\/2aaz.org\/?page_id=934","title":{"rendered":"\ud83e\udde9 Nouveau projet : cr\u00e9ation de Centres d&rsquo;Accompagnement Psycho-Social (CAPS)"},"content":{"rendered":"\n<h3 class=\"wp-block-heading\">L&rsquo;Association Handiwatch, en partenariat avec 2aaz Services, <strong>sont porteurs d&rsquo;un projet de cr\u00e9ation de centres d&rsquo;accompagnement psycho-social (bas\u00e9 sur le mod\u00e8le du PCPE).<br><\/strong><\/h3>\n\n\n\n<p>Ce nouveau dispositif aurait pour ambition d&rsquo;accompagner les personnes en situation de handicap, de fragilit\u00e9 psychique ou de grande pr\u00e9carit\u00e9 vers plus d\u2019autonomie, d\u2019\u00e9panouissement personnel et d\u2019insertion sociale.<\/p>\n\n\n\n<hr class=\"wp-block-separator has-alpha-channel-opacity\"\/>\n\n\n\n<h4 class=\"wp-block-heading\"><strong>\ud83c\udf31 Pourquoi ce projet ?<\/strong><\/h4>\n\n\n\n<p>Nous avons constat\u00e9 que de nombreuses personnes en situation de handicap, avec ou sans diagnostic de TND, rencontrent des freins \u00e0 l&rsquo;autonomie et \u00e0 l\u2019inclusion sociale : isolement, anxi\u00e9t\u00e9, difficult\u00e9s \u00e0 g\u00e9rer leur quotidien ou \u00e0 faire valoir leurs droits.<\/p>\n\n\n\n<p><strong>L&rsquo;id\u00e9e du CAPS est n\u00e9e de cette urgence \u00e0 proposer un accompagnement psycho-social global, flexible et centr\u00e9 sur la personne.<\/strong><\/p>\n\n\n\n<hr class=\"wp-block-separator has-alpha-channel-opacity\"\/>\n\n\n\n<h4 class=\"wp-block-heading\"><strong>\ud83e\udded Une approche centr\u00e9e sur l\u2019humain<\/strong><\/h4>\n\n\n\n<div class=\"wp-block-group has-global-padding is-layout-constrained wp-block-group-is-layout-constrained\">\n<figure class=\"wp-block-image size-full is-resized\"><img loading=\"lazy\" decoding=\"async\" width=\"1024\" height=\"1024\" src=\"https:\/\/2aaz.org\/wp-content\/uploads\/2025\/03\/ChatGPT-Image-28-mars-2025-16_50_19.png\" alt=\"\" class=\"wp-image-942\" style=\"width:516px;height:auto\" srcset=\"https:\/\/2aaz.org\/wp-content\/uploads\/2025\/03\/ChatGPT-Image-28-mars-2025-16_50_19.png 1024w, https:\/\/2aaz.org\/wp-content\/uploads\/2025\/03\/ChatGPT-Image-28-mars-2025-16_50_19-300x300.png 300w, https:\/\/2aaz.org\/wp-content\/uploads\/2025\/03\/ChatGPT-Image-28-mars-2025-16_50_19-150x150.png 150w, https:\/\/2aaz.org\/wp-content\/uploads\/2025\/03\/ChatGPT-Image-28-mars-2025-16_50_19-768x768.png 768w\" sizes=\"auto, (max-width: 1024px) 100vw, 1024px\" \/><\/figure>\n<\/div>\n\n\n\n<p>Le CAPS propose :<\/p>\n\n\n\n<ul class=\"wp-block-list\">\n<li>des <strong>interventions \u00e0 domicile<\/strong>, individualis\u00e9es et co-construites avec les b\u00e9n\u00e9ficiaires,<br><\/li>\n\n\n\n<li>un travail d&rsquo;\u00e9quipe inspir\u00e9 des recommandations de la <strong>Haute Autorit\u00e9 de Sant\u00e9 (HAS)<\/strong> et des <strong>TCCE<\/strong> (th\u00e9rapies comportementales et cognitives),<br><\/li>\n\n\n\n<li>une coordination \u00e9troite avec les prescripteurs (m\u00e9decins, psychiatres, assistants sociaux) et les familles.<br><\/li>\n<\/ul>\n\n\n\n<hr class=\"wp-block-separator has-alpha-channel-opacity\"\/>\n\n\n\n<h4 class=\"wp-block-heading\"><strong>\ud83d\udd0d Un accompagnement en 4 axes<\/strong><\/h4>\n\n\n\n<p>Les actions s\u2019articuleraient autour de :<\/p>\n\n\n\n<ol class=\"wp-block-list\">\n<li><strong>La vie quotidienne<\/strong> : hygi\u00e8ne, logement, budget, routines.<br><\/li>\n\n\n\n<li><strong>L\u2019\u00e9panouissement personnel<\/strong> : loisirs, communication, implication citoyenne.<br><\/li>\n\n\n\n<li><strong>La gestion \u00e9motionnelle<\/strong> : r\u00e9gulation du stress, hygi\u00e8ne de vie.<br><\/li>\n\n\n\n<li><strong>Insertion professionnelle<\/strong> : Favoriser <strong>l\u2019autonomie d\u00e9cisionnelle<\/strong> \u00e0 travers l\u2019affirmation de soi, insertion professionnelle, prise d\u2019initiatives.<br><\/li>\n<\/ol>\n\n\n\n<hr class=\"wp-block-separator has-alpha-channel-opacity\"\/>\n\n\n\n<h4 class=\"wp-block-heading\"><strong>\ud83d\udccd Vous \u00eates int\u00e9ress\u00e9\u00b7e ?<\/strong><\/h4>\n\n\n\n<p>\u27a1\ufe0f Le site officiel du CAPS sera bient\u00f4t en ligne \u00e0 l\u2019adresse :<br>\ud83d\udc49 caps-universel.fr<\/p>\n\n\n\n<p>\ud83d\udce7 Pour toute demande d&rsquo;information ou de collaboration :<br><strong>2aaz@laposte.net<\/strong> | \ud83d\udcde <strong>05 24 17 18 32<\/strong><\/p>\n","protected":false},"excerpt":{"rendered":"<p>L&rsquo;Association Handiwatch, en partenariat avec 2aaz Services, sont porteurs d&rsquo;un projet de cr\u00e9ation de centres d&rsquo;accompagnement psycho-social (bas\u00e9 sur le mod\u00e8le du PCPE). Ce nouveau dispositif aurait pour ambition d&rsquo;accompagner les personnes en situation de handicap, de fragilit\u00e9 psychique ou de grande pr\u00e9carit\u00e9 vers plus d\u2019autonomie, d\u2019\u00e9panouissement personnel et d\u2019insertion sociale. \ud83c\udf31 Pourquoi ce projet [&hellip;]<\/p>\n","protected":false},"author":1,"featured_media":0,"parent":0,"menu_order":0,"comment_status":"closed","ping_status":"closed","template":"","meta":{"_kadence_starter_templates_imported_post":false,"footnotes":""},"class_list":["post-934","page","type-page","status-publish","hentry"],"yoast_head":"<!-- This site is optimized with the Yoast SEO plugin v27.5 - https:\/\/yoast.com\/product\/yoast-seo-wordpress\/ -->\n<title>Nouveau projet : lancement prochain du Suivi Psycho-Social Universel (SPSU) - 2aaz.org<\/title>\n<meta name=\"description\" content=\"Accompagner les personnes en situation de handicap, de fragilit\u00e9 psychique ou de grande pr\u00e9carit\u00e9 vers plus d\u2019autonomie.\" \/>\n<meta name=\"robots\" content=\"index, follow, max-snippet:-1, max-image-preview:large, max-video-preview:-1\" \/>\n<link rel=\"canonical\" href=\"https:\/\/2aaz.org\/?page_id=934\" \/>\n<meta property=\"og:locale\" content=\"fr_FR\" \/>\n<meta property=\"og:type\" content=\"article\" \/>\n<meta property=\"og:title\" content=\"Nouveau projet : lancement prochain du Suivi Psycho-Social Universel (SPSU) - 2aaz.org\" \/>\n<meta property=\"og:description\" content=\"Accompagner les personnes en situation de handicap, de fragilit\u00e9 psychique ou de grande pr\u00e9carit\u00e9 vers plus d\u2019autonomie.\" \/>\n<meta property=\"og:url\" content=\"https:\/\/2aaz.org\/?page_id=934\" \/>\n<meta property=\"og:site_name\" content=\"2aaZ Services\" \/>\n<meta property=\"article:publisher\" content=\"https:\/\/www.facebook.com\/people\/De-A--Z-Services\/100071363455894\/?_rdr\" \/>\n<meta property=\"article:modified_time\" content=\"2025-03-30T18:56:57+00:00\" \/>\n<meta property=\"og:image\" content=\"https:\/\/2aaz.org\/wp-content\/uploads\/2025\/03\/ChatGPT-Image-28-mars-2025-16_50_19.png\" \/>\n\t<meta property=\"og:image:width\" content=\"1024\" \/>\n\t<meta property=\"og:image:height\" content=\"1024\" \/>\n\t<meta property=\"og:image:type\" content=\"image\/png\" \/>\n<meta name=\"twitter:card\" content=\"summary_large_image\" \/>\n<script type=\"application\/ld+json\" class=\"yoast-schema-graph\">{\"@context\":\"https:\\\/\\\/schema.org\",\"@graph\":[{\"@type\":\"WebPage\",\"@id\":\"https:\\\/\\\/2aaz.org\\\/?page_id=934\",\"url\":\"https:\\\/\\\/2aaz.org\\\/?page_id=934\",\"name\":\"Nouveau projet : lancement prochain du Suivi Psycho-Social Universel (SPSU) - 2aaz.org\",\"isPartOf\":{\"@id\":\"https:\\\/\\\/2aaz.org\\\/#website\"},\"primaryImageOfPage\":{\"@id\":\"https:\\\/\\\/2aaz.org\\\/?page_id=934#primaryimage\"},\"image\":{\"@id\":\"https:\\\/\\\/2aaz.org\\\/?page_id=934#primaryimage\"},\"thumbnailUrl\":\"https:\\\/\\\/2aaz.org\\\/wp-content\\\/uploads\\\/2025\\\/03\\\/ChatGPT-Image-28-mars-2025-16_50_19.png\",\"datePublished\":\"2025-03-28T15:01:57+00:00\",\"dateModified\":\"2025-03-30T18:56:57+00:00\",\"description\":\"Accompagner les personnes en situation de handicap, de fragilit\u00e9 psychique ou de grande pr\u00e9carit\u00e9 vers plus d\u2019autonomie.\",\"breadcrumb\":{\"@id\":\"https:\\\/\\\/2aaz.org\\\/?page_id=934#breadcrumb\"},\"inLanguage\":\"fr-FR\",\"potentialAction\":[{\"@type\":\"ReadAction\",\"target\":[\"https:\\\/\\\/2aaz.org\\\/?page_id=934\"]}]},{\"@type\":\"ImageObject\",\"inLanguage\":\"fr-FR\",\"@id\":\"https:\\\/\\\/2aaz.org\\\/?page_id=934#primaryimage\",\"url\":\"https:\\\/\\\/2aaz.org\\\/wp-content\\\/uploads\\\/2025\\\/03\\\/ChatGPT-Image-28-mars-2025-16_50_19.png\",\"contentUrl\":\"https:\\\/\\\/2aaz.org\\\/wp-content\\\/uploads\\\/2025\\\/03\\\/ChatGPT-Image-28-mars-2025-16_50_19.png\",\"width\":1024,\"height\":1024},{\"@type\":\"BreadcrumbList\",\"@id\":\"https:\\\/\\\/2aaz.org\\\/?page_id=934#breadcrumb\",\"itemListElement\":[{\"@type\":\"ListItem\",\"position\":1,\"name\":\"Accueil\",\"item\":\"https:\\\/\\\/2aaz.org\\\/\"},{\"@type\":\"ListItem\",\"position\":2,\"name\":\"\ud83e\udde9 Nouveau projet : cr\u00e9ation de Centres d&rsquo;Accompagnement Psycho-Social (CAPS)\"}]},{\"@type\":\"WebSite\",\"@id\":\"https:\\\/\\\/2aaz.org\\\/#website\",\"url\":\"https:\\\/\\\/2aaz.org\\\/\",\"name\":\"2aaZ Services\",\"description\":\"Association de services \u00e0 la personne &amp; P\u00f4le de soin TND\",\"publisher\":{\"@id\":\"https:\\\/\\\/2aaz.org\\\/#organization\"},\"potentialAction\":[{\"@type\":\"SearchAction\",\"target\":{\"@type\":\"EntryPoint\",\"urlTemplate\":\"https:\\\/\\\/2aaz.org\\\/?s={search_term_string}\"},\"query-input\":{\"@type\":\"PropertyValueSpecification\",\"valueRequired\":true,\"valueName\":\"search_term_string\"}}],\"inLanguage\":\"fr-FR\"},{\"@type\":\"Organization\",\"@id\":\"https:\\\/\\\/2aaz.org\\\/#organization\",\"name\":\"2aaZ Services\",\"url\":\"https:\\\/\\\/2aaz.org\\\/\",\"logo\":{\"@type\":\"ImageObject\",\"inLanguage\":\"fr-FR\",\"@id\":\"https:\\\/\\\/2aaz.org\\\/#\\\/schema\\\/logo\\\/image\\\/\",\"url\":\"http:\\\/\\\/2aaz.org\\\/wp-content\\\/uploads\\\/2024\\\/06\\\/cropped-Logo-2aaZ.png\",\"contentUrl\":\"http:\\\/\\\/2aaz.org\\\/wp-content\\\/uploads\\\/2024\\\/06\\\/cropped-Logo-2aaZ.png\",\"width\":110,\"height\":31,\"caption\":\"2aaZ Services\"},\"image\":{\"@id\":\"https:\\\/\\\/2aaz.org\\\/#\\\/schema\\\/logo\\\/image\\\/\"},\"sameAs\":[\"https:\\\/\\\/www.facebook.com\\\/people\\\/De-A--Z-Services\\\/100071363455894\\\/?_rdr\"]}]}<\/script>\n<!-- \/ Yoast SEO plugin. -->","yoast_head_json":{"title":"Nouveau projet : lancement prochain du Suivi Psycho-Social Universel (SPSU) - 2aaz.org","description":"Accompagner les personnes en situation de handicap, de fragilit\u00e9 psychique ou de grande pr\u00e9carit\u00e9 vers plus d\u2019autonomie.","robots":{"index":"index","follow":"follow","max-snippet":"max-snippet:-1","max-image-preview":"max-image-preview:large","max-video-preview":"max-video-preview:-1"},"canonical":"https:\/\/2aaz.org\/?page_id=934","og_locale":"fr_FR","og_type":"article","og_title":"Nouveau projet : lancement prochain du Suivi Psycho-Social Universel (SPSU) - 2aaz.org","og_description":"Accompagner les personnes en situation de handicap, de fragilit\u00e9 psychique ou de grande pr\u00e9carit\u00e9 vers plus d\u2019autonomie.","og_url":"https:\/\/2aaz.org\/?page_id=934","og_site_name":"2aaZ Services","article_publisher":"https:\/\/www.facebook.com\/people\/De-A--Z-Services\/100071363455894\/?_rdr","article_modified_time":"2025-03-30T18:56:57+00:00","og_image":[{"width":1024,"height":1024,"url":"https:\/\/2aaz.org\/wp-content\/uploads\/2025\/03\/ChatGPT-Image-28-mars-2025-16_50_19.png","type":"image\/png"}],"twitter_card":"summary_large_image","schema":{"@context":"https:\/\/schema.org","@graph":[{"@type":"WebPage","@id":"https:\/\/2aaz.org\/?page_id=934","url":"https:\/\/2aaz.org\/?page_id=934","name":"Nouveau projet : lancement prochain du Suivi Psycho-Social Universel (SPSU) - 2aaz.org","isPartOf":{"@id":"https:\/\/2aaz.org\/#website"},"primaryImageOfPage":{"@id":"https:\/\/2aaz.org\/?page_id=934#primaryimage"},"image":{"@id":"https:\/\/2aaz.org\/?page_id=934#primaryimage"},"thumbnailUrl":"https:\/\/2aaz.org\/wp-content\/uploads\/2025\/03\/ChatGPT-Image-28-mars-2025-16_50_19.png","datePublished":"2025-03-28T15:01:57+00:00","dateModified":"2025-03-30T18:56:57+00:00","description":"Accompagner les personnes en situation de handicap, de fragilit\u00e9 psychique ou de grande pr\u00e9carit\u00e9 vers plus d\u2019autonomie.","breadcrumb":{"@id":"https:\/\/2aaz.org\/?page_id=934#breadcrumb"},"inLanguage":"fr-FR","potentialAction":[{"@type":"ReadAction","target":["https:\/\/2aaz.org\/?page_id=934"]}]},{"@type":"ImageObject","inLanguage":"fr-FR","@id":"https:\/\/2aaz.org\/?page_id=934#primaryimage","url":"https:\/\/2aaz.org\/wp-content\/uploads\/2025\/03\/ChatGPT-Image-28-mars-2025-16_50_19.png","contentUrl":"https:\/\/2aaz.org\/wp-content\/uploads\/2025\/03\/ChatGPT-Image-28-mars-2025-16_50_19.png","width":1024,"height":1024},{"@type":"BreadcrumbList","@id":"https:\/\/2aaz.org\/?page_id=934#breadcrumb","itemListElement":[{"@type":"ListItem","position":1,"name":"Accueil","item":"https:\/\/2aaz.org\/"},{"@type":"ListItem","position":2,"name":"\ud83e\udde9 Nouveau projet : cr\u00e9ation de Centres d&rsquo;Accompagnement Psycho-Social (CAPS)"}]},{"@type":"WebSite","@id":"https:\/\/2aaz.org\/#website","url":"https:\/\/2aaz.org\/","name":"2aaZ Services","description":"Association de services \u00e0 la personne &amp; P\u00f4le de soin TND","publisher":{"@id":"https:\/\/2aaz.org\/#organization"},"potentialAction":[{"@type":"SearchAction","target":{"@type":"EntryPoint","urlTemplate":"https:\/\/2aaz.org\/?s={search_term_string}"},"query-input":{"@type":"PropertyValueSpecification","valueRequired":true,"valueName":"search_term_string"}}],"inLanguage":"fr-FR"},{"@type":"Organization","@id":"https:\/\/2aaz.org\/#organization","name":"2aaZ Services","url":"https:\/\/2aaz.org\/","logo":{"@type":"ImageObject","inLanguage":"fr-FR","@id":"https:\/\/2aaz.org\/#\/schema\/logo\/image\/","url":"http:\/\/2aaz.org\/wp-content\/uploads\/2024\/06\/cropped-Logo-2aaZ.png","contentUrl":"http:\/\/2aaz.org\/wp-content\/uploads\/2024\/06\/cropped-Logo-2aaZ.png","width":110,"height":31,"caption":"2aaZ Services"},"image":{"@id":"https:\/\/2aaz.org\/#\/schema\/logo\/image\/"},"sameAs":["https:\/\/www.facebook.com\/people\/De-A--Z-Services\/100071363455894\/?_rdr"]}]}},"_links":{"self":[{"href":"https:\/\/2aaz.org\/index.php?rest_route=\/wp\/v2\/pages\/934","targetHints":{"allow":["GET"]}}],"collection":[{"href":"https:\/\/2aaz.org\/index.php?rest_route=\/wp\/v2\/pages"}],"about":[{"href":"https:\/\/2aaz.org\/index.php?rest_route=\/wp\/v2\/types\/page"}],"author":[{"embeddable":true,"href":"https:\/\/2aaz.org\/index.php?rest_route=\/wp\/v2\/users\/1"}],"replies":[{"embeddable":true,"href":"https:\/\/2aaz.org\/index.php?rest_route=%2Fwp%2Fv2%2Fcomments&post=934"}],"version-history":[{"count":9,"href":"https:\/\/2aaz.org\/index.php?rest_route=\/wp\/v2\/pages\/934\/revisions"}],"predecessor-version":[{"id":958,"href":"https:\/\/2aaz.org\/index.php?rest_route=\/wp\/v2\/pages\/934\/revisions\/958"}],"wp:attachment":[{"href":"https:\/\/2aaz.org\/index.php?rest_route=%2Fwp%2Fv2%2Fmedia&parent=934"}],"curies":[{"name":"wp","href":"https:\/\/api.w.org\/{rel}","templated":true}]}}